{"id":507,"date":"2020-06-01T14:12:32","date_gmt":"2020-06-01T14:12:32","guid":{"rendered":"https:\/\/themebing.com\/wp\/automax\/?page_id=507"},"modified":"2023-11-03T10:29:22","modified_gmt":"2023-11-03T10:29:22","slug":"termes-et-conditions","status":"publish","type":"page","link":"https:\/\/astralightservices.com\/en\/termes-et-conditions\/","title":{"rendered":"Terms et Conditions"},"content":{"rendered":"<div data-elementor-type=\"wp-page\" data-elementor-id=\"507\" class=\"elementor elementor-507\" data-elementor-post-type=\"page\">\n\t\t\t\t\t\t\t<div class=\"elementor-element elementor-element-04baa4f e-flex e-con-boxed e-con e-parent\" data-id=\"04baa4f\" data-element_type=\"container\" data-settings=\"{&quot;container_type&quot;:&quot;flex&quot;,&quot;content_width&quot;:&quot;boxed&quot;}\" data-core-v316-plus=\"true\">\n\t\t\t\t\t<div class=\"e-con-inner\">\n\t\t<div class=\"elementor-element elementor-element-b2406da e-con-full e-flex e-con e-child\" data-id=\"b2406da\" data-element_type=\"container\" data-settings=\"{&quot;content_width&quot;:&quot;full&quot;,&quot;container_type&quot;:&quot;flex&quot;}\">\n\t\t\t\t<div class=\"elementor-element elementor-element-1d1b041 elementor-widget elementor-widget-heading\" data-id=\"1d1b041\" data-element_type=\"widget\" data-widget_type=\"heading.default\">\n\t\t\t\t<div class=\"elementor-widget-container\">\n\t\t\t<style>\/*! elementor - v3.17.0 - 01-11-2023 *\/\n.elementor-heading-title{padding:0;margin:0;line-height:1}.elementor-widget-heading .elementor-heading-title[class*=elementor-size-]>a{color:inherit;font-size:inherit;line-height:inherit}.elementor-widget-heading .elementor-heading-title.elementor-size-small{font-size:15px}.elementor-widget-heading .elementor-heading-title.elementor-size-medium{font-size:19px}.elementor-widget-heading .elementor-heading-title.elementor-size-large{font-size:29px}.elementor-widget-heading .elementor-heading-title.elementor-size-xl{font-size:39px}.elementor-widget-heading .elementor-heading-title.elementor-size-xxl{font-size:59px}<\/style><h2 class=\"elementor-heading-title elementor-size-default\">Politique de confidentialit\u00e9\n<\/h2>\t\t<\/div>\n\t\t\t\t<\/div>\n\t\t\t\t<div class=\"elementor-element elementor-element-cc72d8f elementor-widget elementor-widget-text-editor\" data-id=\"cc72d8f\" data-element_type=\"widget\" data-widget_type=\"text-editor.default\">\n\t\t\t\t<div class=\"elementor-widget-container\">\n\t\t\t<style>\/*! elementor - v3.17.0 - 01-11-2023 *\/\n.elementor-widget-text-editor.elementor-drop-cap-view-stacked .elementor-drop-cap{background-color:#69727d;color:#fff}.elementor-widget-text-editor.elementor-drop-cap-view-framed .elementor-drop-cap{color:#69727d;border:3px solid;background-color:transparent}.elementor-widget-text-editor:not(.elementor-drop-cap-view-default) .elementor-drop-cap{margin-top:8px}.elementor-widget-text-editor:not(.elementor-drop-cap-view-default) .elementor-drop-cap-letter{width:1em;height:1em}.elementor-widget-text-editor .elementor-drop-cap{float:left;text-align:center;line-height:1;font-size:50px}.elementor-widget-text-editor .elementor-drop-cap-letter{display:inline-block}<\/style>\t\t\t\t<p>La politique de confidentialit\u00e9 de Astralightservices est de respecter votre vie priv\u00e9e \u00e0 l\u2019\u00e9gard des informations que nous pouvons collecter sur notre site Web, \u00e0 l\u2019adresse, ainsi que sur d\u2019autres sites que nous poss\u00e9dons et exploitons. Nous ne demandons des informations personnelles que lorsque nous en avons vraiment besoin pour vous fournir un service. Nous le recueillons par des moyens justes et l\u00e9gaux, avec votre connaissance et votre consentement. Nous vous expliquons \u00e9galement pourquoi nous collectons ces informations et comment elles seront utilis\u00e9es.<\/p><p>Nous ne conservons les informations collect\u00e9es que le temps n\u00e9cessaire pour vous fournir le service demand\u00e9. Les donn\u00e9es que nous stockons sont prot\u00e9g\u00e9es par des moyens commercialement acceptables afin d\u2019emp\u00eacher la perte et le vol, ainsi que par tout acc\u00e8s, divulgation, copie, utilisation ou modification non autoris\u00e9s. Nous ne partageons aucune information d\u2019identification personnelle publiquement ou avec des tiers, sauf lorsque requis par la loi.<\/p><p>Notre site Web peut contenir des liens vers des sites externes que nous n\u2019exploitons pas. Sachez que nous n\u2019avons aucun contr\u00f4le sur le contenu et les pratiques de ces sites et que nous ne pouvons accepter aucune responsabilit\u00e9 pour leurs politiques de confidentialit\u00e9 respectives.<br \/>Vous \u00eates libre de refuser notre demande d\u2019informations personnelles, sachant que nous pourrions ne pas \u00eatre en mesure de vous fournir certains des services que vous souhaitez.<br \/>Votre utilisation continue de notre site Web sera consid\u00e9r\u00e9e comme une acceptation de nos pratiques en mati\u00e8re de confidentialit\u00e9 et d\u2019informations personnelles. Si vous avez des questions sur la mani\u00e8re dont nous traitons les donn\u00e9es de nos utilisateurs et les informations personnelles, n\u2019h\u00e9sitez pas \u00e0\u00a0<a class=\"c-link\" href=\"https:\/\/astralightservices.com\/en\/contact\/\" target=\"_blank\" rel=\"noopener noreferrer\" data-stringify-link=\"https:\/\/uempire.ca\/contact\" data-sk=\"tooltip_parent\">contacter-nous<\/a>.<\/p><p>Cette politique est effective depuis le 01 janvier 2023.<\/p>\t\t\t\t\t\t<\/div>\n\t\t\t\t<\/div>\n\t\t\t\t<\/div>\n\t\t\t\t\t<\/div>\n\t\t\t\t<\/div>\n\t\t\t\t\t\t\t<\/div>","protected":false},"excerpt":{"rendered":"<p>Politique de confidentialit\u00e9 La politique de confidentialit\u00e9 de Astralightservices est de respecter votre vie priv\u00e9e \u00e0 l\u2019\u00e9gard des informations que nous pouvons collecter sur notre site Web, \u00e0 l\u2019adresse, ainsi que sur d\u2019autres sites que nous poss\u00e9dons et exploitons. Nous ne demandons des informations personnelles que lorsque nous en avons vraiment besoin pour vous fournir [&hellip;]<\/p>","protected":false},"author":1,"featured_media":0,"parent":0,"menu_order":0,"comment_status":"closed","ping_status":"closed","template":"custom-page.php","meta":{"footnotes":""},"class_list":["post-507","page","type-page","status-publish","hentry"],"_links":{"self":[{"href":"https:\/\/astralightservices.com\/en\/wp-json\/wp\/v2\/pages\/507","targetHints":{"allow":["GET"]}}],"collection":[{"href":"https:\/\/astralightservices.com\/en\/wp-json\/wp\/v2\/pages"}],"about":[{"href":"https:\/\/astralightservices.com\/en\/wp-json\/wp\/v2\/types\/page"}],"author":[{"embeddable":true,"href":"https:\/\/astralightservices.com\/en\/wp-json\/wp\/v2\/users\/1"}],"replies":[{"embeddable":true,"href":"https:\/\/astralightservices.com\/en\/wp-json\/wp\/v2\/comments?post=507"}],"version-history":[{"count":5,"href":"https:\/\/astralightservices.com\/en\/wp-json\/wp\/v2\/pages\/507\/revisions"}],"predecessor-version":[{"id":1255,"href":"https:\/\/astralightservices.com\/en\/wp-json\/wp\/v2\/pages\/507\/revisions\/1255"}],"wp:attachment":[{"href":"https:\/\/astralightservices.com\/en\/wp-json\/wp\/v2\/media?parent=507"}],"curies":[{"name":"wp","href":"https:\/\/api.w.org\/{rel}","templated":true}]}}