{"id":53,"date":"2020-04-18T15:48:35","date_gmt":"2020-04-18T15:48:35","guid":{"rendered":"https:\/\/themebing.com\/wp\/automax\/?page_id=53"},"modified":"2023-11-29T22:35:05","modified_gmt":"2023-11-29T22:35:05","slug":"a-propos","status":"publish","type":"page","link":"https:\/\/astralightservices.com\/en\/a-propos\/","title":{"rendered":"A propos"},"content":{"rendered":"<div data-elementor-type=\"wp-page\" data-elementor-id=\"53\" class=\"elementor elementor-53\" data-elementor-post-type=\"page\">\n\t\t\t\t\t\t\t<div class=\"elementor-element elementor-element-909c916 e-con-full e-flex e-con e-parent\" data-id=\"909c916\" data-element_type=\"container\" data-settings=\"{&quot;content_width&quot;:&quot;full&quot;,&quot;container_type&quot;:&quot;flex&quot;}\" data-core-v316-plus=\"true\">\n\t\t<div class=\"elementor-element elementor-element-2f31c89 e-con-full e-flex e-con e-child\" data-id=\"2f31c89\" data-element_type=\"container\" data-settings=\"{&quot;content_width&quot;:&quot;full&quot;,&quot;container_type&quot;:&quot;flex&quot;}\">\n\t\t\t\t<div class=\"elementor-element elementor-element-50b4e3d elementor-widget elementor-widget-heading\" data-id=\"50b4e3d\" data-element_type=\"widget\" data-widget_type=\"heading.default\">\n\t\t\t\t<div class=\"elementor-widget-container\">\n\t\t\t<style>\/*! elementor - v3.17.0 - 01-11-2023 *\/\n.elementor-heading-title{padding:0;margin:0;line-height:1}.elementor-widget-heading .elementor-heading-title[class*=elementor-size-]>a{color:inherit;font-size:inherit;line-height:inherit}.elementor-widget-heading .elementor-heading-title.elementor-size-small{font-size:15px}.elementor-widget-heading .elementor-heading-title.elementor-size-medium{font-size:19px}.elementor-widget-heading .elementor-heading-title.elementor-size-large{font-size:29px}.elementor-widget-heading .elementor-heading-title.elementor-size-xl{font-size:39px}.elementor-widget-heading .elementor-heading-title.elementor-size-xxl{font-size:59px}<\/style><h1 class=\"elementor-heading-title elementor-size-default\">Qui sommes nous ?<\/h1>\t\t<\/div>\n\t\t\t\t<\/div>\n\t\t\t\t<div class=\"elementor-element elementor-element-5d3db24 elementor-widget elementor-widget-text-editor\" data-id=\"5d3db24\" data-element_type=\"widget\" data-widget_type=\"text-editor.default\">\n\t\t\t\t<div class=\"elementor-widget-container\">\n\t\t\t<style>\/*! elementor - v3.17.0 - 01-11-2023 *\/\n.elementor-widget-text-editor.elementor-drop-cap-view-stacked .elementor-drop-cap{background-color:#69727d;color:#fff}.elementor-widget-text-editor.elementor-drop-cap-view-framed .elementor-drop-cap{color:#69727d;border:3px solid;background-color:transparent}.elementor-widget-text-editor:not(.elementor-drop-cap-view-default) .elementor-drop-cap{margin-top:8px}.elementor-widget-text-editor:not(.elementor-drop-cap-view-default) .elementor-drop-cap-letter{width:1em;height:1em}.elementor-widget-text-editor .elementor-drop-cap{float:left;text-align:center;line-height:1;font-size:50px}.elementor-widget-text-editor .elementor-drop-cap-letter{display:inline-block}<\/style>\t\t\t\t<p>ALS entreprise commerciale sp\u00e9cialis\u00e9e dans la vente de pi\u00e8ces de rechange poids lourds de la marque SINOTRUK<\/p><p>ALS est une entreprise cr\u00e9\u00e9e en 2021 sp\u00e9cialis\u00e9e dans la vente des pi\u00e8ces de rechange d&#8217;origine SINOTRUK -Pieces moteur WD615,47 -Pieces boite de vitesse &#8211; -Pieces pont 4.8 et 5.73 &#8211; Pieces de carrosserie -Pieces essuies confondus Vous y trouverez toutes vos pi\u00e8ces \u00e0 moindre co\u00fbts et possibilit\u00e9s de commande \u00e0 tout moment. Pi\u00e8ces disponibles dans toute l&#8217;\u00e9tendue du territoire(exp\u00e9dition possible depuis la ville de Douala)<\/p>\t\t\t\t\t\t<\/div>\n\t\t\t\t<\/div>\n\t\t\t\t<\/div>\n\t\t<div class=\"elementor-element elementor-element-d8ab89b e-con-full e-flex e-con e-child\" data-id=\"d8ab89b\" data-element_type=\"container\" data-settings=\"{&quot;content_width&quot;:&quot;full&quot;,&quot;container_type&quot;:&quot;flex&quot;}\">\n\t\t\t\t<div class=\"elementor-element elementor-element-3e9d05d elementor-widget elementor-widget-image\" data-id=\"3e9d05d\" data-element_type=\"widget\" data-widget_type=\"image.default\">\n\t\t\t\t<div class=\"elementor-widget-container\">\n\t\t\t<style>\/*! elementor - v3.17.0 - 01-11-2023 *\/\n.elementor-widget-image{text-align:center}.elementor-widget-image a{display:inline-block}.elementor-widget-image a img[src$=\".svg\"]{width:48px}.elementor-widget-image img{vertical-align:middle;display:inline-block}<\/style>\t\t\t\t\t\t\t\t\t\t\t\t<img loading=\"lazy\" decoding=\"async\" width=\"1024\" height=\"1024\" src=\"https:\/\/astralightservices.com\/wp-content\/uploads\/2023\/11\/WhatsApp-Image-2023-11-29-at-01.28.19.jpeg\" class=\"attachment-full size-full wp-image-1315\" alt=\"\" srcset=\"https:\/\/astralightservices.com\/wp-content\/uploads\/2023\/11\/WhatsApp-Image-2023-11-29-at-01.28.19.jpeg 1024w, https:\/\/astralightservices.com\/wp-content\/uploads\/2023\/11\/WhatsApp-Image-2023-11-29-at-01.28.19-300x300.jpeg 300w, https:\/\/astralightservices.com\/wp-content\/uploads\/2023\/11\/WhatsApp-Image-2023-11-29-at-01.28.19-150x150.jpeg 150w, https:\/\/astralightservices.com\/wp-content\/uploads\/2023\/11\/WhatsApp-Image-2023-11-29-at-01.28.19-768x768.jpeg 768w, https:\/\/astralightservices.com\/wp-content\/uploads\/2023\/11\/WhatsApp-Image-2023-11-29-at-01.28.19-12x12.jpeg 12w, https:\/\/astralightservices.com\/wp-content\/uploads\/2023\/11\/WhatsApp-Image-2023-11-29-at-01.28.19-400x400.jpeg 400w, https:\/\/astralightservices.com\/wp-content\/uploads\/2023\/11\/WhatsApp-Image-2023-11-29-at-01.28.19-200x200.jpeg 200w, https:\/\/astralightservices.com\/wp-content\/uploads\/2023\/11\/WhatsApp-Image-2023-11-29-at-01.28.19-115x115.jpeg 115w, https:\/\/astralightservices.com\/wp-content\/uploads\/2023\/11\/WhatsApp-Image-2023-11-29-at-01.28.19-80x80.jpeg 80w, https:\/\/astralightservices.com\/wp-content\/uploads\/2023\/11\/WhatsApp-Image-2023-11-29-at-01.28.19-32x32.jpeg 32w, https:\/\/astralightservices.com\/wp-content\/uploads\/2023\/11\/WhatsApp-Image-2023-11-29-at-01.28.19-600x600.jpeg 600w, https:\/\/astralightservices.com\/wp-content\/uploads\/2023\/11\/WhatsApp-Image-2023-11-29-at-01.28.19-100x100.jpeg 100w\" sizes=\"auto, (max-width: 1024px) 100vw, 1024px\" \/>\t\t\t\t\t\t\t\t\t\t\t\t\t\t\t<\/div>\n\t\t\t\t<\/div>\n\t\t\t\t<\/div>\n\t\t\t\t<\/div>\n\t\t<div class=\"elementor-element elementor-element-4150368 e-flex e-con-boxed e-con e-parent\" data-id=\"4150368\" data-element_type=\"container\" data-settings=\"{&quot;background_background&quot;:&quot;classic&quot;,&quot;container_type&quot;:&quot;flex&quot;,&quot;content_width&quot;:&quot;boxed&quot;}\" data-core-v316-plus=\"true\">\n\t\t\t\t\t<div class=\"e-con-inner\">\n\t\t<div class=\"elementor-element elementor-element-de901a0 e-con-full e-flex e-con e-child\" data-id=\"de901a0\" data-element_type=\"container\" data-settings=\"{&quot;content_width&quot;:&quot;full&quot;,&quot;container_type&quot;:&quot;flex&quot;}\">\n\t\t<div class=\"elementor-element elementor-element-fe86bec e-con-full e-flex e-con e-child\" data-id=\"fe86bec\" data-element_type=\"container\" data-settings=\"{&quot;content_width&quot;:&quot;full&quot;,&quot;container_type&quot;:&quot;flex&quot;}\">\n\t\t<div class=\"elementor-element elementor-element-22b816e e-con-full e-flex e-con e-child\" data-id=\"22b816e\" data-element_type=\"container\" data-settings=\"{&quot;content_width&quot;:&quot;full&quot;,&quot;container_type&quot;:&quot;flex&quot;}\">\n\t\t\t\t<div class=\"elementor-element elementor-element-a81cb1b elementor-widget elementor-widget-heading\" data-id=\"a81cb1b\" data-element_type=\"widget\" data-widget_type=\"heading.default\">\n\t\t\t\t<div class=\"elementor-widget-container\">\n\t\t\t<h2 class=\"elementor-heading-title elementor-size-default\">T\u00e9moignages<\/h2>\t\t<\/div>\n\t\t\t\t<\/div>\n\t\t\t\t<div class=\"elementor-element elementor-element-2e9a513 elementor-widget elementor-widget-text-editor\" data-id=\"2e9a513\" data-element_type=\"widget\" data-widget_type=\"text-editor.default\">\n\t\t\t\t<div class=\"elementor-widget-container\">\n\t\t\t\t\t\t\t<p>Au cours de notre travail, nous avons accumul\u00e9 des centaines de critiques positives.<\/p>\t\t\t\t\t\t<\/div>\n\t\t\t\t<\/div>\n\t\t\t\t<div class=\"elementor-element elementor-element-5e2175f elementor-widget elementor-widget-spacer\" data-id=\"5e2175f\" data-element_type=\"widget\" data-widget_type=\"spacer.default\">\n\t\t\t\t<div class=\"elementor-widget-container\">\n\t\t\t<style>\/*! elementor - v3.17.0 - 01-11-2023 *\/\n.elementor-column .elementor-spacer-inner{height:var(--spacer-size)}.e-con{--container-widget-width:100%}.e-con-inner>.elementor-widget-spacer,.e-con>.elementor-widget-spacer{width:var(--container-widget-width,var(--spacer-size));--align-self:var(--container-widget-align-self,initial);--flex-shrink:0}.e-con-inner>.elementor-widget-spacer>.elementor-widget-container,.e-con>.elementor-widget-spacer>.elementor-widget-container{height:100%;width:100%}.e-con-inner>.elementor-widget-spacer>.elementor-widget-container>.elementor-spacer,.e-con>.elementor-widget-spacer>.elementor-widget-container>.elementor-spacer{height:100%}.e-con-inner>.elementor-widget-spacer>.elementor-widget-container>.elementor-spacer>.elementor-spacer-inner,.e-con>.elementor-widget-spacer>.elementor-widget-container>.elementor-spacer>.elementor-spacer-inner{height:var(--container-widget-height,var(--spacer-size))}.e-con-inner>.elementor-widget-spacer.elementor-widget-empty,.e-con>.elementor-widget-spacer.elementor-widget-empty{position:relative;min-height:22px;min-width:22px}.e-con-inner>.elementor-widget-spacer.elementor-widget-empty .elementor-widget-empty-icon,.e-con>.elementor-widget-spacer.elementor-widget-empty .elementor-widget-empty-icon{position:absolute;top:0;bottom:0;left:0;right:0;margin:auto;padding:0;width:22px;height:22px}<\/style>\t\t<div class=\"elementor-spacer\">\n\t\t\t<div class=\"elementor-spacer-inner\"><\/div>\n\t\t<\/div>\n\t\t\t\t<\/div>\n\t\t\t\t<\/div>\n\t\t\t\t<\/div>\n\t\t\t\t<\/div>\n\t\t<div class=\"elementor-element elementor-element-6e5846c e-con-full e-flex e-con e-child\" data-id=\"6e5846c\" data-element_type=\"container\" data-settings=\"{&quot;content_width&quot;:&quot;full&quot;,&quot;container_type&quot;:&quot;flex&quot;}\">\n\t\t<div class=\"elementor-element elementor-element-4ad702a e-con-full e-flex e-con e-child\" data-id=\"4ad702a\" data-element_type=\"container\" data-settings=\"{&quot;content_width&quot;:&quot;full&quot;,&quot;container_type&quot;:&quot;flex&quot;}\">\n\t\t\t\t<div class=\"elementor-element elementor-element-59129cc elementor-widget elementor-widget-testimonials\" data-id=\"59129cc\" data-element_type=\"widget\" data-widget_type=\"testimonials.default\">\n\t\t\t\t<div class=\"elementor-widget-container\">\n\t\t\t\r\n      <div class=\"row align-items-center\">\r\n        <div class=\"col-lg-4 col-md-4\">\r\n            <div class=\"testimonials\">\r\n                              <div class=\"testimonial-img\">\r\n                    <img decoding=\"async\" src=\"https:\/\/themebing.com\/wp\/sayara\/wp-content\/uploads\/2020\/05\/t-3.jpg\" alt=\"Jessica Moore\">\r\n                <\/div>\r\n                              <div class=\"testimonial-img\">\r\n                    <img decoding=\"async\" src=\"https:\/\/themebing.com\/wp\/sayara\/wp-content\/uploads\/2020\/05\/t-2.jpg\" alt=\"John Doe\">\r\n                <\/div>\r\n                              <div class=\"testimonial-img\">\r\n                    <img decoding=\"async\" src=\"https:\/\/themebing.com\/wp\/sayara\/wp-content\/uploads\/2020\/05\/t-1.jpg\" alt=\"John Alex\">\r\n                <\/div>\r\n                          <\/div>\r\n        <\/div>\r\n        <div class=\"col-lg-7 col-md-8\">\r\n            <div class=\"testimonials-nav\">\r\n                              <div class=\"testimonial-content\">\r\n                    <p>Cette division n&#039;est pas obsol\u00e8te mais a chang\u00e9. La philosophie naturelle s&#039;est divis\u00e9e en diverses sciences naturelles, notamment l&#039;astronomie et la cosmologie. La philosophie morale a donn\u00e9 naissance aux sciences sociales, mais elle inclut toujours la th\u00e9orie des valeurs.<\/p>\r\n                    <div class=\"testi-bottom\">\r\n                    <div class=\"client-info\">\r\n                        <h4>Jessica Moore<\/h4>\r\n                        <span>CEO Meblya<\/span>\r\n                    <\/div>\r\n                  \r\n                    <ul class=\"list-inline\">\r\n                                            <li class=\"list-inline-item\"><i class=\"fa fa-star\"><\/i><\/li>\r\n                                            <li class=\"list-inline-item\"><i class=\"fa fa-star\"><\/i><\/li>\r\n                                            <li class=\"list-inline-item\"><i class=\"fa fa-star\"><\/i><\/li>\r\n                                            <li class=\"list-inline-item\"><i class=\"fa fa-star\"><\/i><\/li>\r\n                                            <li class=\"list-inline-item\"><i class=\"fa fa-star\"><\/i><\/li>\r\n                                         <\/ul>\r\n                  <\/div>\r\n                <\/div>\r\n                              <div class=\"testimonial-content\">\r\n                    <p>Cette division n&#039;est pas obsol\u00e8te mais a chang\u00e9. La philosophie naturelle s&#039;est divis\u00e9e en diverses sciences naturelles, notamment l&#039;astronomie et la cosmologie. La philosophie morale a donn\u00e9 naissance aux sciences sociales, mais elle inclut toujours la th\u00e9orie des valeurs.<\/p>\r\n                    <div class=\"testi-bottom\">\r\n                    <div class=\"client-info\">\r\n                        <h4>John Doe<\/h4>\r\n                        <span>CEO Meblya<\/span>\r\n                    <\/div>\r\n                  \r\n                    <ul class=\"list-inline\">\r\n                                            <li class=\"list-inline-item\"><i class=\"fa fa-star\"><\/i><\/li>\r\n                                            <li class=\"list-inline-item\"><i class=\"fa fa-star\"><\/i><\/li>\r\n                                            <li class=\"list-inline-item\"><i class=\"fa fa-star\"><\/i><\/li>\r\n                                            <li class=\"list-inline-item\"><i class=\"fa fa-star\"><\/i><\/li>\r\n                                            <li class=\"list-inline-item\"><i class=\"fa fa-star\"><\/i><\/li>\r\n                                         <\/ul>\r\n                  <\/div>\r\n                <\/div>\r\n                              <div class=\"testimonial-content\">\r\n                    <p>Cette division n&#039;est pas obsol\u00e8te mais a chang\u00e9. La philosophie naturelle s&#039;est divis\u00e9e en diverses sciences naturelles, notamment l&#039;astronomie et la cosmologie. La philosophie morale a donn\u00e9 naissance aux sciences sociales, mais elle inclut toujours la th\u00e9orie des valeurs.<\/p>\r\n                    <div class=\"testi-bottom\">\r\n                    <div class=\"client-info\">\r\n                        <h4>John Alex<\/h4>\r\n                        <span>CEO Meblya<\/span>\r\n                    <\/div>\r\n                  \r\n                    <ul class=\"list-inline\">\r\n                                            <li class=\"list-inline-item\"><i class=\"fa fa-star\"><\/i><\/li>\r\n                                            <li class=\"list-inline-item\"><i class=\"fa fa-star\"><\/i><\/li>\r\n                                            <li class=\"list-inline-item\"><i class=\"fa fa-star\"><\/i><\/li>\r\n                                            <li class=\"list-inline-item\"><i class=\"fa fa-star\"><\/i><\/li>\r\n                                            <li class=\"list-inline-item\"><i class=\"fa fa-star\"><\/i><\/li>\r\n                                         <\/ul>\r\n                  <\/div>\r\n                <\/div>\r\n                          <\/div>\r\n        <\/div>\r\n      <\/div>\r\n\r\n   \t\t<\/div>\n\t\t\t\t<\/div>\n\t\t\t\t<\/div>\n\t\t\t\t<\/div>\n\t\t\t\t<\/div>\n\t\t\t\t\t<\/div>\n\t\t\t\t<\/div>\n\t\t<div class=\"elementor-element elementor-element-21d2e21 e-con-full e-flex e-con e-parent\" data-id=\"21d2e21\" data-element_type=\"container\" data-settings=\"{&quot;background_background&quot;:&quot;classic&quot;,&quot;content_width&quot;:&quot;full&quot;,&quot;container_type&quot;:&quot;flex&quot;}\" data-e-bg-lazyload=\"\" data-core-v316-plus=\"true\">\n\t\t<div class=\"elementor-element elementor-element-53b07c0 e-con-full e-flex e-con e-child\" data-id=\"53b07c0\" data-element_type=\"container\" data-settings=\"{&quot;content_width&quot;:&quot;full&quot;,&quot;container_type&quot;:&quot;flex&quot;}\">\n\t\t\t\t<div class=\"elementor-element elementor-element-6cb0f83 elementor-widget elementor-widget-heading\" data-id=\"6cb0f83\" data-element_type=\"widget\" data-widget_type=\"heading.default\">\n\t\t\t\t<div class=\"elementor-widget-container\">\n\t\t\t<h1 class=\"elementor-heading-title elementor-size-default\">Prenez soin de votre moteur\n<\/h1>\t\t<\/div>\n\t\t\t\t<\/div>\n\t\t\t\t<\/div>\n\t\t<div class=\"elementor-element elementor-element-27cfdd5 e-con-full e-flex e-con e-child\" data-id=\"27cfdd5\" data-element_type=\"container\" data-settings=\"{&quot;content_width&quot;:&quot;full&quot;,&quot;container_type&quot;:&quot;flex&quot;}\">\n\t\t\t\t<div class=\"elementor-element elementor-element-bffbea4 elementor-widget__width-initial elementor-absolute elementor-hidden-phone elementor-widget elementor-widget-image\" data-id=\"bffbea4\" data-element_type=\"widget\" data-settings=\"{&quot;_position&quot;:&quot;absolute&quot;}\" data-widget_type=\"image.default\">\n\t\t\t\t<div class=\"elementor-widget-container\">\n\t\t\t\t\t\t\t\t\t\t\t\t\t\t\t<img loading=\"lazy\" decoding=\"async\" width=\"476\" height=\"450\" src=\"https:\/\/astralightservices.com\/wp-content\/uploads\/2020\/05\/tire.png\" class=\"attachment-full size-full wp-image-440\" alt=\"\" srcset=\"https:\/\/astralightservices.com\/wp-content\/uploads\/2020\/05\/tire.png 476w, https:\/\/astralightservices.com\/wp-content\/uploads\/2020\/05\/tire-300x284.png 300w\" sizes=\"auto, (max-width: 476px) 100vw, 476px\" \/>\t\t\t\t\t\t\t\t\t\t\t\t\t\t\t<\/div>\n\t\t\t\t<\/div>\n\t\t\t\t<\/div>\n\t\t\t\t<\/div>\n\t\t\t\t\t\t\t<\/div>","protected":false},"excerpt":{"rendered":"<p>Qui sommes nous ? ALS entreprise commerciale sp\u00e9cialis\u00e9e dans la vente de pi\u00e8ces de rechange poids lourds de la marque SINOTRUK ALS est une entreprise cr\u00e9\u00e9e en 2021 sp\u00e9cialis\u00e9e dans la vente des pi\u00e8ces de rechange d&#8217;origine SINOTRUK -Pieces moteur WD615,47 -Pieces boite de vitesse &#8211; -Pieces pont 4.8 et 5.73 &#8211; Pieces de carrosserie [&hellip;]<\/p>","protected":false},"author":1,"featured_media":0,"parent":0,"menu_order":0,"comment_status":"closed","ping_status":"closed","template":"elementor_header_footer","meta":{"footnotes":""},"class_list":["post-53","page","type-page","status-publish","hentry"],"_links":{"self":[{"href":"https:\/\/astralightservices.com\/en\/wp-json\/wp\/v2\/pages\/53","targetHints":{"allow":["GET"]}}],"collection":[{"href":"https:\/\/astralightservices.com\/en\/wp-json\/wp\/v2\/pages"}],"about":[{"href":"https:\/\/astralightservices.com\/en\/wp-json\/wp\/v2\/types\/page"}],"author":[{"embeddable":true,"href":"https:\/\/astralightservices.com\/en\/wp-json\/wp\/v2\/users\/1"}],"replies":[{"embeddable":true,"href":"https:\/\/astralightservices.com\/en\/wp-json\/wp\/v2\/comments?post=53"}],"version-history":[{"count":71,"href":"https:\/\/astralightservices.com\/en\/wp-json\/wp\/v2\/pages\/53\/revisions"}],"predecessor-version":[{"id":1331,"href":"https:\/\/astralightservices.com\/en\/wp-json\/wp\/v2\/pages\/53\/revisions\/1331"}],"wp:attachment":[{"href":"https:\/\/astralightservices.com\/en\/wp-json\/wp\/v2\/media?parent=53"}],"curies":[{"name":"wp","href":"https:\/\/api.w.org\/{rel}","templated":true}]}}